{"id":6916,"date":"2021-06-09T18:58:00","date_gmt":"2021-06-09T18:58:00","guid":{"rendered":"https:\/\/nutribiogenics.com\/antimicrobial-capability\/"},"modified":"2025-10-03T09:03:28","modified_gmt":"2025-10-03T09:03:28","slug":"antimicrobial-capability","status":"publish","type":"page","link":"https:\/\/nutribiogenics.com\/en\/antimicrobial-capability\/","title":{"rendered":"Antimicrobial Capability"},"content":{"rendered":"<p><div class=\"fusion-fullwidth fullwidth-box fusion-builder-row-1 fusion-flex-container nonhundred-percent-fullwidth non-hundred-percent-height-scrolling\" style=\"background-color: #ffffff;background-position: center center;background-repeat: no-repeat;border-width: 0px 0px 0px 0px;border-color:#eae9e9;border-style:solid;\" ><div class=\"fusion-builder-row fusion-row fusion-flex-align-items-flex-start\" style=\"max-width:936px;margin-left: calc(-4% \/ 2 );margin-right: calc(-4% \/ 2 );\"><div class=\"fusion-layout-column fusion_builder_column fusion-builder-column-0 fusion_builder_column_1_2 1_2 fusion-flex-column\"><div class=\"fusion-column-wrapper fusion-flex-justify-content-flex-start fusion-content-layout-column\" style=\"background-position:left top;background-repeat:no-repeat;-webkit-background-size:cover;-moz-background-size:cover;-o-background-size:cover;background-size:cover;padding: 0px 0px 0px 0px;\"><div class=\"fusion-separator fusion-full-width-sep\" style=\"align-self: center;margin-left: auto;margin-right: auto;margin-top:75px;width:100%;\"><\/div><div style=\"text-align:center;\"><span class=\" fusion-imageframe imageframe-glow imageframe-1 hover-type-none\" style=\"-webkit-box-shadow: 0 0 3px rgba(0,0,0,0.3);box-shadow: 0 0 3px rgba(0,0,0,0.3);max-width:350px;\"><img decoding=\"async\" src=\"https:\/\/nutribiogenics.com\/wp-content\/uploads\/2021\/06\/new.png\" alt class=\"img-responsive\"\/><\/span><\/div><\/div><style type=\"text\/css\">.fusion-body .fusion-builder-column-0{width:50% !important;margin-top : 0px;margin-bottom : 20px;}.fusion-builder-column-0 > .fusion-column-wrapper {padding-top : 0px !important;padding-right : 0px !important;margin-right : 3.84%;padding-bottom : 0px !important;padding-left : 0px !important;margin-left : 3.84%;}@media only screen and (max-width:1024px) {.fusion-body .fusion-builder-column-0{width:50% !important;order : 0;}.fusion-builder-column-0 > .fusion-column-wrapper {margin-right : 3.84%;margin-left : 3.84%;}}@media only screen and (max-width:640px) {.fusion-body .fusion-builder-column-0{width:100% !important;order : 0;}.fusion-builder-column-0 > .fusion-column-wrapper {margin-right : 1.92%;margin-left : 1.92%;}}<\/style><\/div><div class=\"fusion-layout-column fusion_builder_column fusion-builder-column-1 fusion_builder_column_1_2 1_2 fusion-flex-column\"><div class=\"fusion-column-wrapper fusion-flex-justify-content-flex-start fusion-content-layout-column\" style=\"background-position:left top;background-repeat:no-repeat;-webkit-background-size:cover;-moz-background-size:cover;-o-background-size:cover;background-size:cover;padding: 0px 0px 0px 0px;\"><div class=\"fusion-text fusion-text-1 fg\"><p style=\"text-align: center;\">\n\t\t\t\t<p class=\"rs-p-wp-fix\"><\/p>\n\t\t\t\t<sr7-module data-alias=\"menurompo\" data-id=\"6\" id=\"SR7_6_1\" class=\"hj rs-ov-hidden\" data-version=\"6.7.37\">\n\t\t\t\t\t<sr7-adjuster><\/sr7-adjuster>\n\t\t\t\t\t<sr7-content>\n\t\t\t\t\t\t<sr7-slide id=\"SR7_6_1-12\" data-key=\"12\">\n\t\t\t\t\t\t\t<sr7-txt id=\"SR7_6_1-12-15\" class=\"sr7-layer\"><a href=\"https:\/\/nutribiogenics.com\/en\/las-soluciones\/antimicrobial\/#box-info\" class=\"footer-facebook\"><img decoding=\"async\" src=\"https:\/\/nutribiogenics.com\/wp-content\/uploads\/2021\/06\/b-1.png\" class=\"s\"><\/a>\n\n<div class=\"myclass\"><\/div><\/sr7-txt>\n\t\t\t\t\t\t\t<sr7-txt id=\"SR7_6_1-12-16\" class=\"sr7-layer\"><a href=\"https:\/\/nutribiogenics.com\/en\/las-soluciones\/immunomoduladora\/#box-info\" class=\"footer-escudo\"><img decoding=\"async\" src=\"https:\/\/nutribiogenics.com\/wp-content\/uploads\/2021\/06\/c.png\" class=\"sb\"><\/a><br \/>\n<br \/>\n<\/sr7-txt>\n\t\t\t\t\t\t\t<sr7-txt id=\"SR7_6_1-12-17\" class=\"sr7-layer\"><a href=\"https:\/\/nutribiogenics.com\/en\/las-soluciones\/regeneradora\/#box-info\" class=\"footer-celula\"><img decoding=\"async\" src=\"https:\/\/nutribiogenics.com\/wp-content\/uploads\/2021\/06\/d.png\" class=\"sb\"><\/a>\n<\/sr7-txt>\n\t\t\t\t\t\t\t<sr7-txt id=\"SR7_6_1-12-18\" class=\"sr7-layer\"><a href=\"https:\/\/nutribiogenics.com\/en\/las-soluciones\/digestibility\/#box-info\" class=\"footer-intes\"><img decoding=\"async\" src=\"https:\/\/nutribiogenics.com\/wp-content\/uploads\/2021\/06\/f.png\" class=\"sc\"><\/a>\n<\/sr7-txt>\n\t\t\t\t\t\t\t<sr7-txt id=\"SR7_6_1-12-19\" class=\"sr7-layer\"><a href=\"https:\/\/nutribiogenics.com\/en\/las-soluciones\/hepatoprotect\/#box-info\" class=\"footer-higado\"><img decoding=\"async\" src=\"https:\/\/nutribiogenics.com\/wp-content\/uploads\/2021\/06\/g.png\" class=\"sb\"><\/a>\n<\/sr7-txt>\n\t\t\t\t\t\t\t<sr7-txt id=\"SR7_6_1-12-20\" class=\"sr7-layer\"><a href=\"https:\/\/nutribiogenics.com\/en\/las-soluciones\/#box-info\" class=\"footer-centro\"><img decoding=\"async\" src=\"https:\/\/nutribiogenics.com\/wp-content\/uploads\/2021\/06\/centro2.png\" class=\"sb\"><\/a>\n<\/sr7-txt>\n\t\t\t\t\t\t<\/sr7-slide>\n\t\t\t\t\t\t<sr7-slide id=\"SR7_6_1-18\" data-key=\"18\">\n\t\t\t\t\t\t<\/sr7-slide>\n\t\t\t\t\t<\/sr7-content>\n\t\t\t\t\t<image_lists style=\"display:none\">\n\t\t\t\t\t\t<img data-src=\"\/\/nutribiogenics.com\/wp-content\/uploads\/2021\/06\/hexagono.png\" data-libid=\"850\" data-lib=\"medialibrary\" alt=\"hexagono-holistico-biotecnologia-y-nutricion\" title=\"hexagono-holistico-biotecnologia-y-nutricion\" width=\"0\" height=\"0\" data-dbsrc=\"Ly9udXRyaWJpb2dlbmljcy5jb20vd3AtY29udGVudC91cGxvYWRzLzIwMjEvMDYvaGV4YWdvbm8ucG5n\"\/>\n\t\t\t\t\t\t<img data-src=\"\/\/nutribiogenics.com\/wp-content\/uploads\/2021\/06\/a-azul.png\" data-libid=\"853\" data-lib=\"medialibrary\" alt=\"capacidad-captadora-de-toxinas\" title=\"capacidad-captadora-de-toxinas\" width=\"0\" height=\"0\" data-dbsrc=\"Ly9udXRyaWJpb2dlbmljcy5jb20vd3AtY29udGVudC91cGxvYWRzLzIwMjEvMDYvYS1henVsLnBuZw==\"\/>\n\t\t\t\t\t<\/image_lists>\n\t\t\t\t<\/sr7-module>\n\t\t\t\t<script>\n\t\t\t\t\tSR7.PMH ??={}; SR7.PMH[\"SR7_6_1\"] = {cn:100,state:false,fn: function() { if (_tpt!==undefined && _tpt.prepareModuleHeight !== undefined) {  _tpt.prepareModuleHeight({id:\"SR7_6_1\",el:[990,990,768,960,720],type:'standard',shdw:'0',gh:[990,990,,,],gw:[1240,1240,1024,778,480],vpt:['-200px'],size:{fullWidth:false, fullHeight:false},mh:'0',onh:0,onw:0,bg:{color:'{\"orig\":\"transparent\",\"type\":\"solid\",\"string\":\"transparent\"}'}});   SR7.PMH[\"SR7_6_1\"].state=true;} else if(SR7.PMH[\"SR7_6_1\"].cn-->0)\tsetTimeout( SR7.PMH[\"SR7_6_1\"].fn,19);}};SR7.PMH[\"SR7_6_1\" ].fn();\n\t\t\t\t<\/script>\n<\/p>\n<\/div><\/div><style type=\"text\/css\">.fusion-body .fusion-builder-column-1{width:50% !important;margin-top : 0px;margin-bottom : 20px;}.fusion-builder-column-1 > .fusion-column-wrapper {padding-top : 0px !important;padding-right : 0px !important;margin-right : 3.84%;padding-bottom : 0px !important;padding-left : 0px !important;margin-left : 3.84%;}@media only screen and (max-width:1024px) {.fusion-body .fusion-builder-column-1{width:50% !important;order : 0;}.fusion-builder-column-1 > .fusion-column-wrapper {margin-right : 3.84%;margin-left : 3.84%;}}@media only screen and (max-width:640px) {.fusion-body .fusion-builder-column-1{width:100% !important;order : 0;}.fusion-builder-column-1 > .fusion-column-wrapper {margin-right : 1.92%;margin-left : 1.92%;}}<\/style><\/div><\/div><style type=\"text\/css\">.fusion-body .fusion-flex-container.fusion-builder-row-1{ padding-top : 0px;margin-top : 0px;padding-right : 0px;padding-bottom : 0px;margin-bottom : 0px;padding-left : 0px;}<\/style><\/div><div class=\"fusion-fullwidth fullwidth-box fusion-builder-row-2 fusion-flex-container nonhundred-percent-fullwidth non-hundred-percent-height-scrolling fusion-custom-z-index\" style=\"background-color: #1b32bd;background-position: center center;background-repeat: no-repeat;border-width: 0px 0px 0px 0px;border-color:#eae9e9;border-style:solid;\" ><div class=\"fusion-builder-row fusion-row fusion-flex-align-items-stretch\" style=\"max-width:936px;margin-left: calc(-4% \/ 2 );margin-right: calc(-4% \/ 2 );\"><div class=\"fusion-layout-column fusion_builder_column fusion-builder-column-2 fusion_builder_column_1_2 1_2 fusion-flex-column\"><div class=\"fusion-column-wrapper fusion-flex-justify-content-flex-start fusion-content-layout-column\" style=\"background-position:left top;background-repeat:no-repeat;-webkit-background-size:cover;-moz-background-size:cover;-o-background-size:cover;background-size:cover;padding: 0px 0px 0px 22px;\"><div class=\"fusion-separator\" style=\"align-self: flex-start;margin-right:auto;margin-top:335px;margin-bottom:55px;width:100%;max-width:15%;\"><div class=\"fusion-separator-border sep-single sep-solid\" style=\"border-color:#ffffff;border-top-width:12px;\"><\/div><\/div><div class=\"fusion-text fusion-text-2\" style=\"color:#ffffff;\"><p>There are several ingredients rich in natural molecules that have a direct impact and indirectly as antimicrobials naturally developed by all beings to protect against pathogens, from organic acids, antimicrobial peptides or phytoalexins&#8230; The list is immense alone. We have to observe nature.Hay varios ingredientes ricos en<br \/>\nmol\u00e9culas naturales que inciden directa<br \/>\ne indirectamente como antimicrobianos<br \/>\nnaturales desarrollados por todos los seres<br \/>\nvivos para protegerse de los pat\u00f3genos, desde<br \/>\n\u00e1cidos org\u00e1nicos, p\u00e9ptidos antimicrobianos<br \/>\no Fitoalexinas&#8230; la lista es inmensa solo<br \/>\ntenemos que observar la naturaleza.<\/p>\n<p>&#8220;Reducing antimicrobial pressure will have a positive impact on oxidative stress and the metabolic effort of the organism.&#8221;<\/p>\n<p>To help the body protect itself from the microbial pressure, we have selected a series of natural components that already use nature to defend itself, such as molecules that cause an imbalance in bacteria, but we have provided extra protection for them to reach the place where they must act.<\/p>\n<\/div><div class=\"fusion-separator\" style=\"align-self: flex-start;margin-right:auto;margin-top:55px;margin-bottom:55px;width:100%;max-width:15%;\"><div class=\"fusion-separator-border sep-single sep-solid\" style=\"border-color:#ffffff;border-top-width:12px;\"><\/div><\/div><\/div><style type=\"text\/css\">.fusion-body .fusion-builder-column-2{width:50% !important;margin-top : 0px;margin-bottom : 20px;}.fusion-builder-column-2 > .fusion-column-wrapper {padding-top : 0px !important;padding-right : 0px !important;margin-right : 3.84%;padding-bottom : 0px !important;padding-left : 22px !important;margin-left : 3.84%;}@media only screen and (max-width:1024px) {.fusion-body .fusion-builder-column-2{width:50% !important;order : 0;}.fusion-builder-column-2 > .fusion-column-wrapper {margin-right : 3.84%;margin-left : 3.84%;}}@media only screen and (max-width:640px) {.fusion-body .fusion-builder-column-2{width:100% !important;order : 0;}.fusion-builder-column-2 > .fusion-column-wrapper {margin-right : 1.92%;margin-left : 1.92%;}}<\/style><\/div><div class=\"fusion-layout-column fusion_builder_column fusion-builder-column-3 fusion_builder_column_1_2 1_2 fusion-flex-column\"><div class=\"fusion-column-wrapper fusion-flex-justify-content-flex-start fusion-content-layout-column\" style=\"background-image: url(&#039;https:\/\/nutribiogenics.com\/wp-content\/uploads\/2021\/06\/df.jpg&#039;);background-position:center center;background-blend-mode: overlay;background-repeat:no-repeat;-webkit-background-size:cover;-moz-background-size:cover;-o-background-size:cover;background-size:cover;background-color:#1b32bd;padding: 0px 0px 34px 0px;\" data-bg-url=\"https:\/\/nutribiogenics.com\/wp-content\/uploads\/2021\/06\/df.jpg\"><div class=\"fusion-separator\" style=\"align-self: flex-end;margin-left:auto;margin-top:335px;margin-bottom:55px;width:100%;max-width:15%;\"><div class=\"fusion-separator-border sep-single sep-solid\" style=\"border-color:#ffffff;border-top-width:12px;\"><\/div><\/div><div class=\"fusion-text fusion-text-3\" style=\"text-align:right;color:#ffffff;\"><h2 style=\"color: #fff;\">CAPACITY ANTIMICROBIAL<\/h2>\n<\/div><div ><style>.fusion-imageframe.imageframe-2{ margin-top : 75px;}<\/style><span class=\" fusion-imageframe imageframe-none imageframe-2 hover-type-none\"><img decoding=\"async\" width=\"1109\" height=\"496\" alt=\"fondo-capacidad-antimicrobiana\" title=\"fondo-capacidad-antimicrobiana\" src=\"https:\/\/nutribiogenics.com\/wp-content\/uploads\/2021\/06\/fondo-3-2.jpg\" class=\"img-responsive wp-image-6914\"\/><\/span><\/div><div class=\"fusion-separator\" style=\"align-self: flex-end;margin-left:auto;margin-top:55px;margin-bottom:55px;width:100%;max-width:15%;\"><div class=\"fusion-separator-border sep-single sep-solid\" style=\"border-color:#ffffff;border-top-width:12px;\"><\/div><\/div><\/div><style type=\"text\/css\">.fusion-body .fusion-builder-column-3{width:50% !important;margin-top : 0px;margin-bottom : 0px;}.fusion-builder-column-3 > .fusion-column-wrapper {padding-top : 0px !important;padding-right : 0px !important;margin-right : 3.84%;padding-bottom : 34px !important;padding-left : 0px !important;margin-left : 3.84%;}@media only screen and (max-width:1024px) {.fusion-body .fusion-builder-column-3{width:50% !important;order : 0;}.fusion-builder-column-3 > .fusion-column-wrapper {margin-right : 3.84%;margin-left : 3.84%;}}@media only screen and (max-width:640px) {.fusion-body .fusion-builder-column-3{width:100% !important;order : 0;}.fusion-builder-column-3 > .fusion-column-wrapper {margin-right : 1.92%;margin-left : 1.92%;}}<\/style><\/div><\/div><style type=\"text\/css\">.fusion-fullwidth.fusion-builder-row-2 { z-index:2 !important; }.fusion-body .fusion-flex-container.fusion-builder-row-2{ padding-top : 0px;margin-top : -290px;padding-right : 30px;padding-bottom : 96px;margin-bottom : 0px;padding-left : 0px;}<\/style><\/div><\/p>\n","protected":false},"excerpt":{"rendered":"","protected":false},"author":1,"featured_media":0,"parent":0,"menu_order":0,"comment_status":"closed","ping_status":"closed","template":"100-width.php","meta":{"footnotes":""},"class_list":["post-6916","page","type-page","status-publish","hentry"],"_links":{"self":[{"href":"https:\/\/nutribiogenics.com\/en\/wp-json\/wp\/v2\/pages\/6916","targetHints":{"allow":["GET"]}}],"collection":[{"href":"https:\/\/nutribiogenics.com\/en\/wp-json\/wp\/v2\/pages"}],"about":[{"href":"https:\/\/nutribiogenics.com\/en\/wp-json\/wp\/v2\/types\/page"}],"author":[{"embeddable":true,"href":"https:\/\/nutribiogenics.com\/en\/wp-json\/wp\/v2\/users\/1"}],"replies":[{"embeddable":true,"href":"https:\/\/nutribiogenics.com\/en\/wp-json\/wp\/v2\/comments?post=6916"}],"version-history":[{"count":3,"href":"https:\/\/nutribiogenics.com\/en\/wp-json\/wp\/v2\/pages\/6916\/revisions"}],"predecessor-version":[{"id":6919,"href":"https:\/\/nutribiogenics.com\/en\/wp-json\/wp\/v2\/pages\/6916\/revisions\/6919"}],"wp:attachment":[{"href":"https:\/\/nutribiogenics.com\/en\/wp-json\/wp\/v2\/media?parent=6916"}],"curies":[{"name":"wp","href":"https:\/\/api.w.org\/{rel}","templated":true}]}}